{"id":19617,"date":"2023-08-08T07:06:25","date_gmt":"2023-08-08T07:06:25","guid":{"rendered":"https:\/\/www.klevvera.com\/?page_id=19617"},"modified":"2024-10-18T15:20:03","modified_gmt":"2024-10-18T15:20:03","slug":"sustraccion-internacional-de-menores","status":"publish","type":"page","link":"https:\/\/www.klevvera.com\/es\/derecho-de-familia\/sustraccion-internacional-de-menores\/","title":{"rendered":"Representaci\u00f3n Legal para casos de secuestro de ni\u00f1os en Espa\u00f1a"},"content":{"rendered":"","protected":false},"excerpt":{"rendered":"","protected":false},"author":2,"featured_media":0,"parent":18263,"menu_order":0,"comment_status":"closed","ping_status":"closed","template":"","meta":{"footnotes":""},"class_list":["post-19617","page","type-page","status-publish","hentry"],"_links":{"self":[{"href":"https:\/\/www.klevvera.com\/es\/wp-json\/wp\/v2\/pages\/19617","targetHints":{"allow":["GET"]}}],"collection":[{"href":"https:\/\/www.klevvera.com\/es\/wp-json\/wp\/v2\/pages"}],"about":[{"href":"https:\/\/www.klevvera.com\/es\/wp-json\/wp\/v2\/types\/page"}],"author":[{"embeddable":true,"href":"https:\/\/www.klevvera.com\/es\/wp-json\/wp\/v2\/users\/2"}],"replies":[{"embeddable":true,"href":"https:\/\/www.klevvera.com\/es\/wp-json\/wp\/v2\/comments?post=19617"}],"version-history":[{"count":17,"href":"https:\/\/www.klevvera.com\/es\/wp-json\/wp\/v2\/pages\/19617\/revisions"}],"predecessor-version":[{"id":22653,"href":"https:\/\/www.klevvera.com\/es\/wp-json\/wp\/v2\/pages\/19617\/revisions\/22653"}],"up":[{"embeddable":true,"href":"https:\/\/www.klevvera.com\/es\/wp-json\/wp\/v2\/pages\/18263"}],"wp:attachment":[{"href":"https:\/\/www.klevvera.com\/es\/wp-json\/wp\/v2\/media?parent=19617"}],"curies":[{"name":"wp","href":"https:\/\/api.w.org\/{rel}","templated":true}]}}